{"id":61,"date":"2026-02-02T10:39:55","date_gmt":"2026-02-02T10:39:55","guid":{"rendered":"https:\/\/tropitech.cloud\/?page_id=61"},"modified":"2026-02-05T13:00:07","modified_gmt":"2026-02-05T13:00:07","slug":"creation-site-web","status":"publish","type":"page","link":"https:\/\/tropitech.cloud\/eng\/creation-site-web\/","title":{"rendered":"Website creation"},"content":{"rendered":"<h1>Cr\u00e9ation de sites web performants pour PME &amp; startups \u00e0 Maurice<\/h1>\n<h2>Des sites modernes, rapides et pr\u00eats pour l\u2019IA, con\u00e7us pour <strong data-start=\"1174\" data-end=\"1199\">g\u00e9n\u00e9rer des r\u00e9sultats<\/strong>, pas seulement pour \u00eatre beaux.<\/p>\n<p>Un site ne doit plus simplement exister.<br \/>\nIl doit <strong data-start=\"1279\" data-end=\"1290\">attirer<\/strong>, <strong data-start=\"1292\" data-end=\"1306\">convaincre<\/strong> and <strong data-start=\"1310\" data-end=\"1334\">travailler pour vous<\/strong>, 24\/7.<\/h2>\n<p>Faites \u00e9voluer votre site avec des modules pens\u00e9s pour la <strong style=\"font-size: 1rem;\" data-start=\"1404\" data-end=\"1418\">croissance<\/strong>, l\u2019<strong style=\"font-size: 1rem;\" data-start=\"1422\" data-end=\"1440\">automatisation<\/strong> et la <strong style=\"font-size: 1rem;\" data-start=\"1447\" data-end=\"1461\">conversion<\/strong>.<\/p>\n<p>Un assistant intelligent qui r\u00e9pond \u00e0 vos visiteurs <strong data-start=\"1545\" data-end=\"1553\">24\/7<\/strong>, qualifie les prospects et centralise les demandes automatiquement.<\/p>\n<p>\u2022<strong style=\"background-color: initial; font-size: 1rem;\" data-start=\"1623\" data-end=\"1655\">Ce que \u00e7a change pour vous :<\/strong><\/p>\n<ul data-start=\"1656\" data-end=\"1788\">\n<li data-start=\"1656\" data-end=\"1695\">\n<p data-start=\"1658\" data-end=\"1695\">R\u00e9ponses instantan\u00e9es aux visiteurs<\/p>\n<\/li>\n<li data-start=\"1696\" data-end=\"1739\">\n<p data-start=\"1698\" data-end=\"1739\">Qualification automatique des prospects<\/p>\n<\/li>\n<li data-start=\"1740\" data-end=\"1788\">\n<p data-start=\"1742\" data-end=\"1788\">Connexion directe avec votre site &amp; WhatsApp<\/p>\n<\/li>\n<\/ul>\n<p>\t\t\t\t\t\t\t\t<a href=\"#\"><br \/>\n\t\t\t\t\t\t\t\t\t\ud83d\udc49 Activer l\u2019agent IA<br \/>\n\t\t\t\t\t<\/a><\/p>\n<h4>\ud83e\udd16 Agent IA int\u00e9gr\u00e9<\/h4>\n<h4>\ud83d\udd01 Automatisation des leads<\/h4>\n<p>Ne perdez plus aucun contact. <br \/>Chaque prospect est <strong data-start=\"1921\" data-end=\"1946\">suivi automatiquement<\/strong>, sans effort de votre part.<\/p>\n<p>\u00a0<strong style=\"background-color: initial; font-size: 1rem;\" data-start=\"1976\" data-end=\"1996\">B\u00e9n\u00e9fices cl\u00e9s :<\/strong><\/p>\n<ul data-start=\"1997\" data-end=\"2097\">\n<li data-start=\"1997\" data-end=\"2043\">\n<p data-start=\"1999\" data-end=\"2043\">Messages automatiques par email &amp; WhatsApp<\/p>\n<\/li>\n<li data-start=\"2044\" data-end=\"2070\">\n<p data-start=\"2046\" data-end=\"2070\">Relances intelligentes<\/p>\n<\/li>\n<li data-start=\"2071\" data-end=\"2097\">\n<p data-start=\"2073\" data-end=\"2097\">Gain de temps imm\u00e9diat<\/p>\n<\/li>\n<\/ul>\n<p>\t\t\t\t\t\t\t\t<a href=\"#\"><br \/>\n\t\t\t\t\t\t\t\t\t\ud83d\udc49 Automatiser mon suivi<br \/>\n\t\t\t\t\t<\/a><\/p>\n<h4>\ud83d\udcca Analytics &amp; performances<\/h4>\n<p>Comprenez ce que font r\u00e9ellement vos visiteurs et <strong data-start=\"2218\" data-end=\"2249\">am\u00e9liorez ce qui fonctionne<\/strong>.<\/p>\n<p>\u2022 Suivi des visites &amp; conversions<\/p>\n<p>\u2022 Analyse des pages les plus performantes<\/p>\n<p>\u2022 D\u00e9cisions bas\u00e9es sur des donn\u00e9es concr\u00e8tes<\/p>\n<p>\t\t\t\t\t\t\t\t<a href=\"#\"><br \/>\n\t\t\t\t\t\t\t\t\t\ud83d\udc49 Voir mes performances<br \/>\n\t\t\t\t\t<\/a><\/p>\n<p data-start=\"2465\" data-end=\"2556\">Vendez vos produits en ligne avec une boutique <strong data-start=\"2512\" data-end=\"2522\">rapide<\/strong>, <strong data-start=\"2524\" data-end=\"2537\">s\u00e9curis\u00e9e<\/strong> et facile \u00e0 g\u00e9rer.<\/p>\n<p data-start=\"2558\" data-end=\"2570\"><strong data-start=\"2558\" data-end=\"2570\">Inclus :<\/strong><\/p>\n<ul data-start=\"2571\" data-end=\"2665\">\n<li data-start=\"2571\" data-end=\"2592\">\n<p data-start=\"2573\" data-end=\"2592\">Paiement s\u00e9curis\u00e9<\/p>\n<\/li>\n<li data-start=\"2593\" data-end=\"2629\">\n<p data-start=\"2595\" data-end=\"2629\">Gestion des produits &amp; commandes<\/p>\n<\/li>\n<li data-start=\"2630\" data-end=\"2665\">\n<p data-start=\"2632\" data-end=\"2665\">Optimisation pour la conversion<\/p>\n<\/li>\n<\/ul>\n<p>\t\t\t\t\t\t\t\t<a href=\"#\"><br \/>\n\t\t\t\t\t\t\t\t\t\ud83d\udc49 Lancer ma boutique<br \/>\n\t\t\t\t\t<\/a><\/p>\n<h4>\ud83d\uded2 Site E-commerce<\/h4>\n<h4>\ud83c\udf0d Site multilingue<\/h4>\n<p>Touchez une audience locale et internationale avec un site accessible en plusieurs langues.<\/p>\n<p>\u2022 Fran\u00e7ais \/ Anglais (ou plus)<\/p>\n<p>\u2022 Exp\u00e9rience utilisateur fluide<\/p>\n<p>\u2022 SEO optimis\u00e9 pour chaque langue<\/p>\n<p>\t\t\t\t\t\t\t\t<a href=\"#\"><br \/>\n\t\t\t\t\t\t\t\t\t\ud83d\udc49 Rendre mon site multilingue<br \/>\n\t\t\t\t\t<\/a><\/p>\n<h4>\ud83d\ude80 Landing pages conversion<\/h4>\n<p data-start=\"3009\" data-end=\"3104\">Des pages con\u00e7ues pour <strong data-start=\"3032\" data-end=\"3053\">une seule mission<\/strong> : convertir vos visiteurs en prospects ou clients.<\/p>\n<p data-start=\"3106\" data-end=\"3122\"><strong data-start=\"3106\" data-end=\"3122\">Id\u00e9al pour :<\/strong><\/p>\n<ul data-start=\"3123\" data-end=\"3195\">\n<li data-start=\"3123\" data-end=\"3146\">\n<p data-start=\"3125\" data-end=\"3146\">Campagnes marketing<\/p>\n<\/li>\n<li data-start=\"3147\" data-end=\"3169\">\n<p data-start=\"3149\" data-end=\"3169\">Offres ponctuelles<\/p>\n<\/li>\n<li data-start=\"3170\" data-end=\"3195\">\n<p data-start=\"3172\" data-end=\"3195\">Lancement de services<\/p>\n<\/li>\n<\/ul>\n<p>\t\t\t\t\t\t\t\t<a href=\"#\"><br \/>\n\t\t\t\t\t\t\t\t\t\ud83d\udc49 Cr\u00e9er une landing page<br \/>\n\t\t\t\t\t<\/a><br \/>\n\t\t\t<a href=\"https:\/\/www.facebook.com\/tropitech.cloud\/\"><br \/>\n\t\t\t<svg aria-hidden=\"true\" viewbox=\"0 0 448 512\" xmlns=\"http:\/\/www.w3.org\/2000\/svg\"><path d=\"M400 32H48A48 48 0 0 0 0 80v352a48 48 0 0 0 48 48h137.25V327.69h-63V256h63v-54.64c0-62.15 37-96.48 93.67-96.48 27.14 0 55.52 4.84 55.52 4.84v61h-31.27c-30.81 0-40.42 19.12-40.42 38.73V256h68.78l-11 71.69h-57.78V480H400a48 48 0 0 0 48-48V80a48 48 0 0 0-48-48z\"><\/path><\/svg>\t\t\t<\/a><br \/>\n\t\t\t<svg aria-hidden=\"true\" viewbox=\"0 0 448 512\" xmlns=\"http:\/\/www.w3.org\/2000\/svg\"><path d=\"M224 122.8c-72.7 0-131.8 59.1-131.9 131.8 0 24.9 7 49.2 20.2 70.1l3.1 5-13.3 48.6 49.9-13.1 4.8 2.9c20.2 12 43.4 18.4 67.1 18.4h.1c72.6 0 133.3-59.1 133.3-131.8 0-35.2-15.2-68.3-40.1-93.2-25-25-58-38.7-93.2-38.7zm77.5 188.4c-3.3 9.3-19.1 17.7-26.7 18.8-12.6 1.9-22.4.9-47.5-9.9-39.7-17.2-65.7-57.2-67.7-59.8-2-2.6-16.2-21.5-16.2-41s10.2-29.1 13.9-33.1c3.6-4 7.9-5 10.6-5 2.6 0 5.3 0 7.6.1 2.4.1 5.7-.9 8.9 6.8 3.3 7.9 11.2 27.4 12.2 29.4s1.7 4.3.3 6.9c-7.6 15.2-15.7 14.6-11.6 21.6 15.3 26.3 30.6 35.4 53.9 47.1 4 2 6.3 1.7 8.6-1 2.3-2.6 9.9-11.6 12.5-15.5 2.6-4 5.3-3.3 8.9-2 3.6 1.3 23.1 10.9 27.1 12.9s6.6 3 7.6 4.6c.9 1.9.9 9.9-2.4 19.1zM400 32H48C21.5 32 0 53.5 0 80v352c0 26.5 21.5 48 48 48h352c26.5 0 48-21.5 48-48V80c0-26.5-21.5-48-48-48zM223.9 413.2c-26.6 0-52.7-6.7-75.8-19.3L64 416l22.5-82.2c-13.9-24-21.2-51.3-21.2-79.3C65.4 167.1 136.5 96 223.9 96c42.4 0 82.2 16.5 112.2 46.5 29.9 30 47.9 69.8 47.9 112.2 0 87.4-72.7 158.5-160.1 158.5z\"><\/path><\/svg>\t\t\t<\/p>\n<p><strong>Nous contacter:<\/strong><\/p>\n<p><strong>mail: <a href=\"mailto:steffie@tropitech.cloud\">steffie@tropitech.cloud<\/a><\/strong><\/p>\n<p><strong>whatsapp: +230 52 53 81 58<\/strong><\/p>\n<p>\u00a0 \u00a0 \u00a0 \u00a0 \u00a0 \u00a0 \u00a0 \u00a0 \u00a0 \u00a0<strong>+33 7 44 80 92 02<\/strong><\/p>\n<p><strong>Grand baie, Ile Maurice<\/strong><\/p>","protected":false},"excerpt":{"rendered":"<p>Cr\u00e9ation de sites web performants pour PME &amp; startups \u00e0 Maurice Des sites modernes, rapides et pr\u00eats pour l\u2019IA, con\u00e7us pour g\u00e9n\u00e9rer des r\u00e9sultats, pas seulement pour \u00eatre beaux. Un site ne doit plus simplement exister. Il doit attirer, convaincre et travailler pour vous, 24\/7. Faites \u00e9voluer votre site avec des modules pens\u00e9s pour la [&hellip;]<\/p>\n","protected":false},"author":1,"featured_media":0,"parent":0,"menu_order":0,"comment_status":"closed","ping_status":"closed","template":"","meta":{"footnotes":""},"class_list":["post-61","page","type-page","status-publish","hentry"],"_links":{"self":[{"href":"https:\/\/tropitech.cloud\/eng\/wp-json\/wp\/v2\/pages\/61","targetHints":{"allow":["GET"]}}],"collection":[{"href":"https:\/\/tropitech.cloud\/eng\/wp-json\/wp\/v2\/pages"}],"about":[{"href":"https:\/\/tropitech.cloud\/eng\/wp-json\/wp\/v2\/types\/page"}],"author":[{"embeddable":true,"href":"https:\/\/tropitech.cloud\/eng\/wp-json\/wp\/v2\/users\/1"}],"replies":[{"embeddable":true,"href":"https:\/\/tropitech.cloud\/eng\/wp-json\/wp\/v2\/comments?post=61"}],"version-history":[{"count":64,"href":"https:\/\/tropitech.cloud\/eng\/wp-json\/wp\/v2\/pages\/61\/revisions"}],"predecessor-version":[{"id":277,"href":"https:\/\/tropitech.cloud\/eng\/wp-json\/wp\/v2\/pages\/61\/revisions\/277"}],"wp:attachment":[{"href":"https:\/\/tropitech.cloud\/eng\/wp-json\/wp\/v2\/media?parent=61"}],"curies":[{"name":"wp","href":"https:\/\/api.w.org\/{rel}","templated":true}]}}