{"id":63,"date":"2026-02-02T10:41:55","date_gmt":"2026-02-02T10:41:55","guid":{"rendered":"https:\/\/tropitech.cloud\/?page_id=63"},"modified":"2026-02-04T06:35:07","modified_gmt":"2026-02-04T06:35:07","slug":"conseil-strategique-ia","status":"publish","type":"page","link":"https:\/\/tropitech.cloud\/eng\/conseil-strategique-ia\/","title":{"rendered":"AI Strategy Council"},"content":{"rendered":"<h1>Conseil &amp; strat\u00e9gie IA pour PME et startups \u00e0 Maurice<\/h1>\n<h2>Identifiez o\u00f9 l\u2019IA peut r\u00e9ellement vous faire gagner du temps, r\u00e9duire vos co\u00fbts et am\u00e9liorer vos performances.<\/h2>\n<p>\t\t\t\t\t\t\t\t\t\t<a href=\"#\"><br \/>\n\t\t\t\t\t\t\t\t\tBook an AI Audit<br \/>\n\t\t\t\t\t<\/a><\/p>\n<p><strong>LE PROBL\u00c8ME: <\/strong>Beaucoup d\u2019entreprises parlent d\u2019IA\u2026 mais peu savent par o\u00f9 commencer.<\/p>\n<ul data-start=\"835\" data-end=\"974\">\n<li data-start=\"835\" data-end=\"865\">\n<p data-start=\"837\" data-end=\"865\">Trop d\u2019outils, peu de vision<\/p>\n<\/li>\n<li data-start=\"866\" data-end=\"901\">\n<p data-start=\"868\" data-end=\"901\">Des tests sans r\u00e9sultats concrets<\/p>\n<\/li>\n<li data-start=\"902\" data-end=\"945\">\n<p data-start=\"904\" data-end=\"945\">Du temps perdu sur des t\u00e2ches r\u00e9p\u00e9titives<\/p>\n<\/li>\n<li data-start=\"946\" data-end=\"974\">\n<p data-start=\"948\" data-end=\"974\">Aucune priorisation claire<\/p>\n<\/li>\n<\/ul>\n<p>\u00a0<\/p>\n<p><strong>Ma promesse:<\/strong>\u00a0Nous vous aidons \u00e0 prendre les bonnes d\u00e9cisions IA, au bon moment.<\/p>\n<ul data-start=\"1147\" data-end=\"1217\">\n<li data-start=\"1147\" data-end=\"1162\">\n<p data-start=\"1149\" data-end=\"1162\">Pas de jargon<\/p>\n<\/li>\n<li data-start=\"1163\" data-end=\"1190\">\n<p data-start=\"1165\" data-end=\"1190\">Pas de solutions inutiles<\/p>\n<\/li>\n<li data-start=\"1191\" data-end=\"1217\">\n<p data-start=\"1193\" data-end=\"1217\">Pas de surinvestissement<\/p>\n<\/li>\n<\/ul>\n<p>\u00a0<\/p>\n<p><strong>Ensemble on analyse:<\/strong><\/p>\n<ul>\n<li data-start=\"1381\" data-end=\"1418\">\n<p data-start=\"1383\" data-end=\"1418\">\ud83d\udd0d Analyse de vos processus actuels<\/p>\n<\/li>\n<li data-start=\"1419\" data-end=\"1464\">\n<p data-start=\"1421\" data-end=\"1464\">\ud83e\udde0 Identification des t\u00e2ches automatisables<\/p>\n<\/li>\n<li data-start=\"1465\" data-end=\"1501\">\n<p data-start=\"1467\" data-end=\"1501\">\ud83d\udcca Priorisation selon ROI &amp; impact<\/p>\n<\/li>\n<li data-start=\"1502\" data-end=\"1531\">\n<p data-start=\"1504\" data-end=\"1531\">\ud83e\udde9 Choix des bons outils IA<\/p>\n<\/li>\n<li data-start=\"1532\" data-end=\"1569\">\n<p data-start=\"1534\" data-end=\"1569\">\ud83d\uddfa\ufe0f Roadmap IA claire &amp; actionnable<\/p>\n<\/li>\n<\/ul>\n<p>\t\t\t<a href=\"https:\/\/www.facebook.com\/tropitech.cloud\/\"><br \/>\n\t\t\t<svg aria-hidden=\"true\" viewbox=\"0 0 448 512\" xmlns=\"http:\/\/www.w3.org\/2000\/svg\"><path d=\"M400 32H48A48 48 0 0 0 0 80v352a48 48 0 0 0 48 48h137.25V327.69h-63V256h63v-54.64c0-62.15 37-96.48 93.67-96.48 27.14 0 55.52 4.84 55.52 4.84v61h-31.27c-30.81 0-40.42 19.12-40.42 38.73V256h68.78l-11 71.69h-57.78V480H400a48 48 0 0 0 48-48V80a48 48 0 0 0-48-48z\"><\/path><\/svg>\t\t\t<\/a><br \/>\n\t\t\t<svg aria-hidden=\"true\" viewbox=\"0 0 448 512\" xmlns=\"http:\/\/www.w3.org\/2000\/svg\"><path d=\"M224 122.8c-72.7 0-131.8 59.1-131.9 131.8 0 24.9 7 49.2 20.2 70.1l3.1 5-13.3 48.6 49.9-13.1 4.8 2.9c20.2 12 43.4 18.4 67.1 18.4h.1c72.6 0 133.3-59.1 133.3-131.8 0-35.2-15.2-68.3-40.1-93.2-25-25-58-38.7-93.2-38.7zm77.5 188.4c-3.3 9.3-19.1 17.7-26.7 18.8-12.6 1.9-22.4.9-47.5-9.9-39.7-17.2-65.7-57.2-67.7-59.8-2-2.6-16.2-21.5-16.2-41s10.2-29.1 13.9-33.1c3.6-4 7.9-5 10.6-5 2.6 0 5.3 0 7.6.1 2.4.1 5.7-.9 8.9 6.8 3.3 7.9 11.2 27.4 12.2 29.4s1.7 4.3.3 6.9c-7.6 15.2-15.7 14.6-11.6 21.6 15.3 26.3 30.6 35.4 53.9 47.1 4 2 6.3 1.7 8.6-1 2.3-2.6 9.9-11.6 12.5-15.5 2.6-4 5.3-3.3 8.9-2 3.6 1.3 23.1 10.9 27.1 12.9s6.6 3 7.6 4.6c.9 1.9.9 9.9-2.4 19.1zM400 32H48C21.5 32 0 53.5 0 80v352c0 26.5 21.5 48 48 48h352c26.5 0 48-21.5 48-48V80c0-26.5-21.5-48-48-48zM223.9 413.2c-26.6 0-52.7-6.7-75.8-19.3L64 416l22.5-82.2c-13.9-24-21.2-51.3-21.2-79.3C65.4 167.1 136.5 96 223.9 96c42.4 0 82.2 16.5 112.2 46.5 29.9 30 47.9 69.8 47.9 112.2 0 87.4-72.7 158.5-160.1 158.5z\"><\/path><\/svg>\t\t\t<\/p>\n<p><strong>Nous contacter:<\/strong><\/p>\n<p><strong>mail: <a href=\"mailto:steffie@tropitech.cloud\">steffie@tropitech.cloud<\/a><\/strong><\/p>\n<p><strong>whatsapp: +230 52 53 81 58<\/strong><\/p>\n<p>\u00a0 \u00a0 \u00a0 \u00a0 \u00a0 \u00a0 \u00a0 \u00a0 \u00a0 \u00a0<strong>+33 7 44 80 92 02<\/strong><\/p>\n<p><strong>Grand baie, Ile Maurice<\/strong><\/p>","protected":false},"excerpt":{"rendered":"<p>Conseil &amp; strat\u00e9gie IA pour PME et startups \u00e0 Maurice Identifiez o\u00f9 l\u2019IA peut r\u00e9ellement vous faire gagner du temps, r\u00e9duire vos co\u00fbts et am\u00e9liorer vos performances. R\u00e9server un Audit IA LE PROBL\u00c8ME: Beaucoup d\u2019entreprises parlent d\u2019IA\u2026 mais peu savent par o\u00f9 commencer. Trop d\u2019outils, peu de vision Des tests sans r\u00e9sultats concrets Du temps [&hellip;]<\/p>\n","protected":false},"author":1,"featured_media":0,"parent":0,"menu_order":0,"comment_status":"closed","ping_status":"closed","template":"","meta":{"footnotes":""},"class_list":["post-63","page","type-page","status-publish","hentry"],"_links":{"self":[{"href":"https:\/\/tropitech.cloud\/eng\/wp-json\/wp\/v2\/pages\/63","targetHints":{"allow":["GET"]}}],"collection":[{"href":"https:\/\/tropitech.cloud\/eng\/wp-json\/wp\/v2\/pages"}],"about":[{"href":"https:\/\/tropitech.cloud\/eng\/wp-json\/wp\/v2\/types\/page"}],"author":[{"embeddable":true,"href":"https:\/\/tropitech.cloud\/eng\/wp-json\/wp\/v2\/users\/1"}],"replies":[{"embeddable":true,"href":"https:\/\/tropitech.cloud\/eng\/wp-json\/wp\/v2\/comments?post=63"}],"version-history":[{"count":10,"href":"https:\/\/tropitech.cloud\/eng\/wp-json\/wp\/v2\/pages\/63\/revisions"}],"predecessor-version":[{"id":225,"href":"https:\/\/tropitech.cloud\/eng\/wp-json\/wp\/v2\/pages\/63\/revisions\/225"}],"wp:attachment":[{"href":"https:\/\/tropitech.cloud\/eng\/wp-json\/wp\/v2\/media?parent=63"}],"curies":[{"name":"wp","href":"https:\/\/api.w.org\/{rel}","templated":true}]}}