{"id":8,"date":"2026-01-30T05:34:30","date_gmt":"2026-01-30T05:34:30","guid":{"rendered":"https:\/\/tropitech.cloud\/?page_id=8"},"modified":"2026-02-04T06:33:28","modified_gmt":"2026-02-04T06:33:28","slug":"acceuil","status":"publish","type":"page","link":"https:\/\/tropitech.cloud\/eng\/","title":{"rendered":"Home"},"content":{"rendered":"<h2>TropiTech: Your partner for a smarter, more efficient business.<\/h2>\n<p>TropiTech fusionne l&rsquo;excellence technologique et l&rsquo;esprit d&rsquo;innovation mauricien. Nous accompagnons les PME et startups locales dans leur transformation digitale avec des solutions IA de pointe.<\/p>\n<p>\t\t\t\t\t\t\t\t<a href=\"#\"><br \/>\n\t\t\t\t\t\t\t\t\tBook an AI Audit<br \/>\n\t\t\t\t\t<\/a><br \/>\n\t\t\t\t\t\t\t\t\t\t\t\t\t\t<a href=\"#\"><br \/>\n\t\t\t\t\t\t\t\t\tDiscover our services<br \/>\n\t\t\t\t\t<\/a><\/p>\n<p><strong>150+<\/strong><\/p>\n<p><strong>completed projects<\/strong><\/p>\n<p><strong>98%<\/strong><\/p>\n<p><strong>satisfied customers<\/strong><\/p>\n<p><strong>24\/7<\/strong><\/p>\n<p><strong>available support<\/strong><\/p>\n<p>Our Digital Solutions<\/p>\n<h2>Services d&rsquo;Automatisation IA pour PME<\/h2>\n<p>Nos consultants IA vous accompagnent dans votre transformation digitale avec des solutions sur mesure<\/p>\n<h2>Creation of professional websites<\/h2>\n<p>Your digital shop window is the foundation of your growth. Modern, fast, SEO-optimised websites.<\/p>\n<p>\t\t\t\t\t\t\t\t<a href=\"#\"><br \/>\n\t\t\t\t\t\t\t\t\t\u00ab\u00a0Lancer mon projet web\u00a0\u00bb<br \/>\n\t\t\t\t\t<\/a><\/p>\n<p>\u00ab\u00a0Une vitrine qui transforme vos visiteurs en clients 24h\/24.\u00a0\u00bb<\/p>\n<h2>Automation &amp; AI Agents<\/h2>\n<p>Automate your business processes with customised intelligent assistants.<\/p>\n<p>\t\t\t\t\t\t\t\t<a href=\"#\"><br \/>\n\t\t\t\t\t\t\t\t\t\u00ab\u00a0D\u00e9l\u00e9guer mes t\u00e2ches\u00a0\u00bb<br \/>\n\t\t\t\t\t<\/a><\/p>\n<p>\u00ab\u00a0Gagnez 10h par semaine en d\u00e9l\u00e9guant vos t\u00e2ches r\u00e9p\u00e9titives.\u00a0\u00bb<\/p>\n<h2>AI Strategy Council<\/h2>\n<p>Strategic support for your digital transformation in Mauritius.<\/p>\n<p>\u00ab\u00a0Une feuille de route claire pour passer au prochain palier.\u00a0\u00bb<\/p>\n<p>\t\t\t\t\t\t\t\t<a href=\"#\"><br \/>\n\t\t\t\t\t\t\t\t\t\u00ab\u00a0R\u00e9server mon audit offert\u00a0\u00bb<br \/>\n\t\t\t\t\t<\/a><\/p>\n<h2>Marketing Automatisation<\/h2>\n<p>Boost your digital presence with intelligent campaigns.<\/p>\n<p>\t\t\t\t\t\t\t\t<a href=\"#\"><br \/>\n\t\t\t\t\t\t\t\t\t\u00ab\u00a0Booster mes conversions\u00a0\u00bb<br \/>\n\t\t\t\t\t<\/a><\/p>\n<p>\u00ab\u00a0Vendez en pilote automatique gr\u00e2ce \u00e0 des workflows intelligents.\u00a0\u00bb<\/p>\n<h4>T\u00e9moignages Clients<\/h4>\n<h2>Ils ont transform\u00e9 leur entreprise avec nous<\/h2>\n<p><img decoding=\"async\" src=\"https:\/\/images.unsplash.com\/photo-1472099645785-5658abf4ff4e?fit=crop&amp;w=150&amp;h=150\" \/><\/p>\n<p>\u00a0<strong>Rajesh S.<\/strong><\/p>\n<p>Fondateur, LogisticsMauritius<\/p>\n<p>\t\t\t<svg aria-hidden=\"true\" viewbox=\"0 0 576 512\" xmlns=\"http:\/\/www.w3.org\/2000\/svg\"><path d=\"M528.1 171.5L382 150.2 316.7 17.8c-11.7-23.6-45.6-23.9-57.4 0L194 150.2 47.9 171.5c-26.2 3.8-36.7 36.1-17.7 54.6l105.7 103-25 145.5c-4.5 26.3 23.2 46 46.4 33.7L288 439.6l130.7 68.7c23.2 12.2 50.9-7.4 46.4-33.7l-25-145.5 105.7-103c19-18.5 8.5-50.8-17.7-54.6zM388.6 312.3l23.7 138.4L288 385.4l-124.3 65.3 23.7-138.4-100.6-98 139-20.2 62.2-126 62.2 126 139 20.2-100.6 98z\"><\/path><\/svg>\t\t\t<\/p>\n<p>\u00ab\u00a0L&rsquo;automatisation IA mise en place par TropiTech a r\u00e9duit nos d\u00e9lais de traitement de commandes de 40%. Un vrai game-changer pour une PME \u00e0 Maurice.\u00a0\u00bb<\/p>\n<p><img decoding=\"async\" src=\"https:\/\/images.unsplash.com\/photo-1438761681033-6461ffad8d80?fit=crop&amp;w=150&amp;h=150\" \/><\/p>\n<p>\u00a0<strong>Sophie L.<\/strong><\/p>\n<p>Directrice Marketing, IslandBeauty<\/p>\n<p>\t\t\t<svg aria-hidden=\"true\" viewbox=\"0 0 576 512\" xmlns=\"http:\/\/www.w3.org\/2000\/svg\"><path d=\"M528.1 171.5L382 150.2 316.7 17.8c-11.7-23.6-45.6-23.9-57.4 0L194 150.2 47.9 171.5c-26.2 3.8-36.7 36.1-17.7 54.6l105.7 103-25 145.5c-4.5 26.3 23.2 46 46.4 33.7L288 439.6l130.7 68.7c23.2 12.2 50.9-7.4 46.4-33.7l-25-145.5 105.7-103c19-18.5 8.5-50.8-17.7-54.6zM388.6 312.3l23.7 138.4L288 385.4l-124.3 65.3 23.7-138.4-100.6-98 139-20.2 62.2-126 62.2 126 139 20.2-100.6 98z\"><\/path><\/svg>\t\t\t<\/p>\n<p>\u00ab\u00a0Leur consultant IA nous a guid\u00e9s \u00e9tape par \u00e9tape. Notre nouveau site internet coupl\u00e9 \u00e0 un agent IA g\u00e8re d\u00e9sormais 70% de notre service client automatiquement.\u00a0\u00bb<\/p>\n<p><img decoding=\"async\" src=\"https:\/\/images.unsplash.com\/photo-1507003211169-0a1dd7228f2d?fit=crop&amp;w=150&amp;h=150\" alt=\"Ahmed K.\" \/><\/p>\n<p><strong>Ahmed K.<\/strong><\/p>\n<p>CEO, TechStart Eb\u00e8ne<\/p>\n<p>\t\t\t<svg aria-hidden=\"true\" viewbox=\"0 0 576 512\" xmlns=\"http:\/\/www.w3.org\/2000\/svg\"><path d=\"M528.1 171.5L382 150.2 316.7 17.8c-11.7-23.6-45.6-23.9-57.4 0L194 150.2 47.9 171.5c-26.2 3.8-36.7 36.1-17.7 54.6l105.7 103-25 145.5c-4.5 26.3 23.2 46 46.4 33.7L288 439.6l130.7 68.7c23.2 12.2 50.9-7.4 46.4-33.7l-25-145.5 105.7-103c19-18.5 8.5-50.8-17.7-54.6zM388.6 312.3l23.7 138.4L288 385.4l-124.3 65.3 23.7-138.4-100.6-98 139-20.2 62.2-126 62.2 126 139 20.2-100.6 98z\"><\/path><\/svg>\t\t\t<\/p>\n<p>\u00ab\u00a0Une expertise locale rare. L&rsquo;audit IA personnalis\u00e9 a r\u00e9v\u00e9l\u00e9 des opportunit\u00e9s de croissance que nous n&rsquo;avions jamais envisag\u00e9es. Hautement recommand\u00e9.\u00a0\u00bb<\/p>\n<p>\t\t\t<a href=\"https:\/\/www.facebook.com\/tropitech.cloud\/\"><br \/>\n\t\t\t<svg aria-hidden=\"true\" viewbox=\"0 0 448 512\" xmlns=\"http:\/\/www.w3.org\/2000\/svg\"><path d=\"M400 32H48A48 48 0 0 0 0 80v352a48 48 0 0 0 48 48h137.25V327.69h-63V256h63v-54.64c0-62.15 37-96.48 93.67-96.48 27.14 0 55.52 4.84 55.52 4.84v61h-31.27c-30.81 0-40.42 19.12-40.42 38.73V256h68.78l-11 71.69h-57.78V480H400a48 48 0 0 0 48-48V80a48 48 0 0 0-48-48z\"><\/path><\/svg>\t\t\t<\/a><br \/>\n\t\t\t<svg aria-hidden=\"true\" viewbox=\"0 0 448 512\" xmlns=\"http:\/\/www.w3.org\/2000\/svg\"><path d=\"M224 122.8c-72.7 0-131.8 59.1-131.9 131.8 0 24.9 7 49.2 20.2 70.1l3.1 5-13.3 48.6 49.9-13.1 4.8 2.9c20.2 12 43.4 18.4 67.1 18.4h.1c72.6 0 133.3-59.1 133.3-131.8 0-35.2-15.2-68.3-40.1-93.2-25-25-58-38.7-93.2-38.7zm77.5 188.4c-3.3 9.3-19.1 17.7-26.7 18.8-12.6 1.9-22.4.9-47.5-9.9-39.7-17.2-65.7-57.2-67.7-59.8-2-2.6-16.2-21.5-16.2-41s10.2-29.1 13.9-33.1c3.6-4 7.9-5 10.6-5 2.6 0 5.3 0 7.6.1 2.4.1 5.7-.9 8.9 6.8 3.3 7.9 11.2 27.4 12.2 29.4s1.7 4.3.3 6.9c-7.6 15.2-15.7 14.6-11.6 21.6 15.3 26.3 30.6 35.4 53.9 47.1 4 2 6.3 1.7 8.6-1 2.3-2.6 9.9-11.6 12.5-15.5 2.6-4 5.3-3.3 8.9-2 3.6 1.3 23.1 10.9 27.1 12.9s6.6 3 7.6 4.6c.9 1.9.9 9.9-2.4 19.1zM400 32H48C21.5 32 0 53.5 0 80v352c0 26.5 21.5 48 48 48h352c26.5 0 48-21.5 48-48V80c0-26.5-21.5-48-48-48zM223.9 413.2c-26.6 0-52.7-6.7-75.8-19.3L64 416l22.5-82.2c-13.9-24-21.2-51.3-21.2-79.3C65.4 167.1 136.5 96 223.9 96c42.4 0 82.2 16.5 112.2 46.5 29.9 30 47.9 69.8 47.9 112.2 0 87.4-72.7 158.5-160.1 158.5z\"><\/path><\/svg>\t\t\t<\/p>\n<p><strong>Nous contacter:<\/strong><\/p>\n<p><strong>mail: <a href=\"mailto:steffie@tropitech.cloud\">steffie@tropitech.cloud<\/a><\/strong><\/p>\n<p><strong>whatsapp: +230 52 53 81 58<\/strong><\/p>\n<p>\u00a0 \u00a0 \u00a0 \u00a0 \u00a0 \u00a0 \u00a0 \u00a0 \u00a0 \u00a0<strong>+33 7 44 80 92 02<\/strong><\/p>\n<p><strong>Grand baie, Ile Maurice<\/strong><\/p>","protected":false},"excerpt":{"rendered":"<p>TropiTech : Votre partenaire pour une entreprise plus intelligente et efficace. TropiTech fusionne l&rsquo;excellence technologique et l&rsquo;esprit d&rsquo;innovation mauricien. Nous accompagnons les PME et startups locales dans leur transformation digitale avec des solutions IA de pointe. R\u00e9servez un Audit IA D\u00e9couvrir nos services 150+ projets r\u00e9alis\u00e9s 98% clients satisfaits 24\/7 support disponible Nos Solutions Digitales [&hellip;]<\/p>\n","protected":false},"author":1,"featured_media":0,"parent":0,"menu_order":0,"comment_status":"closed","ping_status":"closed","template":"","meta":{"footnotes":""},"class_list":["post-8","page","type-page","status-publish","hentry"],"_links":{"self":[{"href":"https:\/\/tropitech.cloud\/eng\/wp-json\/wp\/v2\/pages\/8","targetHints":{"allow":["GET"]}}],"collection":[{"href":"https:\/\/tropitech.cloud\/eng\/wp-json\/wp\/v2\/pages"}],"about":[{"href":"https:\/\/tropitech.cloud\/eng\/wp-json\/wp\/v2\/types\/page"}],"author":[{"embeddable":true,"href":"https:\/\/tropitech.cloud\/eng\/wp-json\/wp\/v2\/users\/1"}],"replies":[{"embeddable":true,"href":"https:\/\/tropitech.cloud\/eng\/wp-json\/wp\/v2\/comments?post=8"}],"version-history":[{"count":54,"href":"https:\/\/tropitech.cloud\/eng\/wp-json\/wp\/v2\/pages\/8\/revisions"}],"predecessor-version":[{"id":219,"href":"https:\/\/tropitech.cloud\/eng\/wp-json\/wp\/v2\/pages\/8\/revisions\/219"}],"wp:attachment":[{"href":"https:\/\/tropitech.cloud\/eng\/wp-json\/wp\/v2\/media?parent=8"}],"curies":[{"name":"wp","href":"https:\/\/api.w.org\/{rel}","templated":true}]}}